{"id":258,"date":"2022-06-22T04:29:40","date_gmt":"2022-06-22T04:29:40","guid":{"rendered":"https:\/\/dexfolio-wp.radiuzz.com\/?page_id=258"},"modified":"2024-04-29T19:47:14","modified_gmt":"2024-04-29T19:47:14","slug":"casos-de-exito","status":"publish","type":"page","link":"http:\/\/mscreativities.com\/index.php\/casos-de-exito\/","title":{"rendered":"MS CREATIVITIES | Casos de \u00e9xito"},"content":{"rendered":"\t\t<div data-elementor-type=\"wp-page\" data-elementor-id=\"258\" class=\"elementor elementor-258\">\n\t\t\t\t\t\t\t        <section class=\"elementor-section elementor-top-section elementor-element elementor-element-78aebc4 elementor-section-full_width elementor-section-stretched elementor-hidden-mobile_extra elementor-hidden-mobile elementor-section-height-default elementor-section-height-default ct-header-fixed-none ct-column-none ct-row-scroll-none\" data-id=\"78aebc4\" data-element_type=\"section\" data-settings=\"{&quot;stretch_section&quot;:&quot;section-stretched&quot;}\">\n                            <div class=\"elementor-background-overlay\"><\/div>\n                \n                        <div class=\"elementor-container elementor-column-gap-extended \">\n                    <div class=\"elementor-column elementor-col-100 elementor-top-column elementor-element elementor-element-2199f5e ct-column-none col-offset-none\" data-id=\"2199f5e\" data-element_type=\"column\">\n            <div class=\"elementor-widget-wrap elementor-element-populated\">\n                        \t\t<div class=\"elementor-element elementor-element-b79b990 elementor-widget-laptop__width-initial elementor-widget elementor-widget-image\" data-id=\"b79b990\" data-element_type=\"widget\" data-widget_type=\"image.default\">\n\t\t\t\t<div class=\"elementor-widget-container\">\n\t\t\t<style>\/*! elementor - v3.11.2 - 22-02-2023 *\/\n.elementor-widget-image{text-align:center}.elementor-widget-image a{display:inline-block}.elementor-widget-image a img[src$=\".svg\"]{width:48px}.elementor-widget-image img{vertical-align:middle;display:inline-block}<\/style>\t\t\t\t\t\t\t\t\t\t\t\t<img decoding=\"async\" width=\"2560\" height=\"1141\" src=\"http:\/\/mscreativities.com\/wp-content\/uploads\/2024\/03\/portfolio-scaled-copia.jpg\" class=\"attachment-full size-full wp-image-7471\" alt=\"\" srcset=\"http:\/\/mscreativities.com\/wp-content\/uploads\/2024\/03\/portfolio-scaled-copia.jpg 2560w, http:\/\/mscreativities.com\/wp-content\/uploads\/2024\/03\/portfolio-scaled-copia-300x134.jpg 300w, http:\/\/mscreativities.com\/wp-content\/uploads\/2024\/03\/portfolio-scaled-copia-1024x456.jpg 1024w, http:\/\/mscreativities.com\/wp-content\/uploads\/2024\/03\/portfolio-scaled-copia-768x342.jpg 768w, http:\/\/mscreativities.com\/wp-content\/uploads\/2024\/03\/portfolio-scaled-copia-1536x685.jpg 1536w, http:\/\/mscreativities.com\/wp-content\/uploads\/2024\/03\/portfolio-scaled-copia-2048x913.jpg 2048w\" sizes=\"(max-width: 2560px) 100vw, 2560px\" \/>\t\t\t\t\t\t\t\t\t\t\t\t\t\t\t<\/div>\n\t\t\t\t<\/div>\n\t\t\t\t<div class=\"elementor-element elementor-element-93eff80 elementor-widget elementor-widget-spacer\" data-id=\"93eff80\" data-element_type=\"widget\" data-widget_type=\"spacer.default\">\n\t\t\t\t<div class=\"elementor-widget-container\">\n\t\t\t<style>\/*! elementor - v3.11.2 - 22-02-2023 *\/\n.elementor-column .elementor-spacer-inner{height:var(--spacer-size)}.e-con{--container-widget-width:100%}.e-con-inner>.elementor-widget-spacer,.e-con>.elementor-widget-spacer{width:var(--container-widget-width,var(--spacer-size));--align-self:var(--container-widget-align-self,initial);--flex-shrink:0}.e-con-inner>.elementor-widget-spacer>.elementor-widget-container,.e-con-inner>.elementor-widget-spacer>.elementor-widget-container>.elementor-spacer,.e-con>.elementor-widget-spacer>.elementor-widget-container,.e-con>.elementor-widget-spacer>.elementor-widget-container>.elementor-spacer{height:100%}.e-con-inner>.elementor-widget-spacer>.elementor-widget-container>.elementor-spacer>.elementor-spacer-inner,.e-con>.elementor-widget-spacer>.elementor-widget-container>.elementor-spacer>.elementor-spacer-inner{height:var(--container-widget-height,var(--spacer-size))}<\/style>\t\t<div class=\"elementor-spacer\">\n\t\t\t<div class=\"elementor-spacer-inner\"><\/div>\n\t\t<\/div>\n\t\t\t\t<\/div>\n\t\t\t\t<\/div>\n\t\t\t\t<div class=\"elementor-element elementor-element-8cb3ef2 elementor-widget-laptop__width-initial elementor-widget elementor-widget-image\" data-id=\"8cb3ef2\" data-element_type=\"widget\" data-widget_type=\"image.default\">\n\t\t\t\t<div class=\"elementor-widget-container\">\n\t\t\t\t\t\t\t\t\t\t\t\t\t\t\t<img decoding=\"async\" width=\"2560\" height=\"298\" src=\"http:\/\/mscreativities.com\/wp-content\/uploads\/2024\/03\/portfolio.jpg\" class=\"attachment-full size-full wp-image-7472\" alt=\"\" srcset=\"http:\/\/mscreativities.com\/wp-content\/uploads\/2024\/03\/portfolio.jpg 2560w, http:\/\/mscreativities.com\/wp-content\/uploads\/2024\/03\/portfolio-300x35.jpg 300w, http:\/\/mscreativities.com\/wp-content\/uploads\/2024\/03\/portfolio-1024x119.jpg 1024w, http:\/\/mscreativities.com\/wp-content\/uploads\/2024\/03\/portfolio-768x89.jpg 768w, http:\/\/mscreativities.com\/wp-content\/uploads\/2024\/03\/portfolio-1536x179.jpg 1536w, http:\/\/mscreativities.com\/wp-content\/uploads\/2024\/03\/portfolio-2048x238.jpg 2048w\" sizes=\"(max-width: 2560px) 100vw, 2560px\" \/>\t\t\t\t\t\t\t\t\t\t\t\t\t\t\t<\/div>\n\t\t\t\t<\/div>\n\t\t\t\t<div class=\"elementor-element elementor-element-0dbbe47 elementor-widget elementor-widget-spacer\" data-id=\"0dbbe47\" data-element_type=\"widget\" data-widget_type=\"spacer.default\">\n\t\t\t\t<div class=\"elementor-widget-container\">\n\t\t\t\t\t<div class=\"elementor-spacer\">\n\t\t\t<div class=\"elementor-spacer-inner\"><\/div>\n\t\t<\/div>\n\t\t\t\t<\/div>\n\t\t\t\t<\/div>\n\t\t\t\t<div class=\"elementor-element elementor-element-0f853a3 elementor-widget elementor-widget-ct_portfolio_grid\" data-id=\"0f853a3\" data-element_type=\"widget\" data-widget_type=\"ct_portfolio_grid.default\">\n\t\t\t\t<div class=\"elementor-widget-container\">\n\t\t\t\r\n<div id=\"ct_portfolio_grid-0f853a3\" class=\"ct-grid ct-portfolio ct-portfolio-grid4 item--default-space\" data-layout=\"masonry\" data-start-page=\"1\" data-max-pages=\"1\" data-total=\"1\" data-perpage=\"5\" data-next-link=\"\">\r\n    <div class=\"ct-grid-overlay\"><\/div>\r\n    \r\n    <div class=\"ct-grid-inner ct-grid-masonry row animate-time\" data-gutter=\"15\">\r\n                        <div class=\"grid-item col-xl-6 col-lg-6 col-md- col-sm-12 col-12 \">\r\n                    <div class=\"grid-item-inner \" data-wow-duration=\"1.2s\">\r\n                        <div class=\"item--featured\">\r\n                            <a href=\"http:\/\/mscreativities.com\/index.php\/portfolio\/endzit\/\"><img decoding=\"async\" width=\"1920\" height=\"1080\" src=\"http:\/\/mscreativities.com\/wp-content\/uploads\/2022\/09\/DROPPER-BUBBLE-EDIT.png\" class=\"no-lazyload attachment-full\" alt=\"\" srcset=\"http:\/\/mscreativities.com\/wp-content\/uploads\/2022\/09\/DROPPER-BUBBLE-EDIT.png 1920w, http:\/\/mscreativities.com\/wp-content\/uploads\/2022\/09\/DROPPER-BUBBLE-EDIT-300x169.png 300w, http:\/\/mscreativities.com\/wp-content\/uploads\/2022\/09\/DROPPER-BUBBLE-EDIT-1024x576.png 1024w, http:\/\/mscreativities.com\/wp-content\/uploads\/2022\/09\/DROPPER-BUBBLE-EDIT-768x432.png 768w, http:\/\/mscreativities.com\/wp-content\/uploads\/2022\/09\/DROPPER-BUBBLE-EDIT-1536x864.png 1536w\" sizes=\"(max-width: 1920px) 100vw, 1920px\" \/><\/a>\r\n                            <div class=\"item--meta\">\r\n\r\n                                                                    <h3 class=\"item--title\"><a href=\"http:\/\/mscreativities.com\/index.php\/portfolio\/endzit\/\">Endzit | MS Creativities<\/a><\/h3>\r\n                                                                 \r\n                            <\/div>\r\n                        <\/div>\r\n                    <\/div>\r\n                <\/div>\r\n                                        <div class=\"grid-sizer col-xl-6 col-lg-6 col-md-6 col-sm-12 col-12\"><\/div>\r\n            <\/div>\r\n        <\/div>\t\t<\/div>\n\t\t\t\t<\/div>\n\t\t            <\/div>\n        <\/div>\n                            <\/div>\n        <\/section>\n                <section class=\"elementor-section elementor-top-section elementor-element elementor-element-26b77b7 elementor-section-full_width elementor-section-stretched elementor-hidden-widescreen elementor-hidden-desktop elementor-hidden-laptop elementor-hidden-tablet_extra elementor-hidden-tablet elementor-section-height-default elementor-section-height-default ct-header-fixed-none ct-column-none ct-row-scroll-none\" data-id=\"26b77b7\" data-element_type=\"section\" data-settings=\"{&quot;stretch_section&quot;:&quot;section-stretched&quot;}\">\n                            <div class=\"elementor-background-overlay\"><\/div>\n                \n                        <div class=\"elementor-container elementor-column-gap-extended \">\n                    <div class=\"elementor-column elementor-col-50 elementor-top-column elementor-element elementor-element-b100205 ct-column-none col-offset-none\" data-id=\"b100205\" data-element_type=\"column\">\n            <div class=\"elementor-widget-wrap elementor-element-populated\">\n                        \t\t<div class=\"elementor-element elementor-element-eb0159a elementor-widget elementor-widget-image\" data-id=\"eb0159a\" data-element_type=\"widget\" data-widget_type=\"image.default\">\n\t\t\t\t<div class=\"elementor-widget-container\">\n\t\t\t\t\t\t\t\t\t\t\t\t\t\t\t<img decoding=\"async\" width=\"750\" height=\"1334\" src=\"http:\/\/mscreativities.com\/wp-content\/uploads\/2024\/04\/portfolio-e.jpg\" class=\"attachment-full size-full wp-image-8005\" alt=\"\" srcset=\"http:\/\/mscreativities.com\/wp-content\/uploads\/2024\/04\/portfolio-e.jpg 750w, http:\/\/mscreativities.com\/wp-content\/uploads\/2024\/04\/portfolio-e-169x300.jpg 169w, http:\/\/mscreativities.com\/wp-content\/uploads\/2024\/04\/portfolio-e-576x1024.jpg 576w\" sizes=\"(max-width: 750px) 100vw, 750px\" \/>\t\t\t\t\t\t\t\t\t\t\t\t\t\t\t<\/div>\n\t\t\t\t<\/div>\n\t\t\t\t<div class=\"elementor-element elementor-element-cc09f23 elementor-widget elementor-widget-spacer\" data-id=\"cc09f23\" data-element_type=\"widget\" data-widget_type=\"spacer.default\">\n\t\t\t\t<div class=\"elementor-widget-container\">\n\t\t\t\t\t<div class=\"elementor-spacer\">\n\t\t\t<div class=\"elementor-spacer-inner\"><\/div>\n\t\t<\/div>\n\t\t\t\t<\/div>\n\t\t\t\t<\/div>\n\t\t            <\/div>\n        <\/div>\n                <div class=\"elementor-column elementor-col-50 elementor-top-column elementor-element elementor-element-a34a7d5 ct-column-none col-offset-none\" data-id=\"a34a7d5\" data-element_type=\"column\">\n            <div class=\"elementor-widget-wrap elementor-element-populated\">\n                        \t\t<div class=\"elementor-element elementor-element-573914c elementor-widget elementor-widget-ct_portfolio_grid\" data-id=\"573914c\" data-element_type=\"widget\" data-widget_type=\"ct_portfolio_grid.default\">\n\t\t\t\t<div class=\"elementor-widget-container\">\n\t\t\t\r\n<div id=\"ct_portfolio_grid-573914c\" class=\"ct-grid ct-portfolio ct-portfolio-grid4 item--default-space\" data-layout=\"masonry\" data-start-page=\"1\" data-max-pages=\"1\" data-total=\"1\" data-perpage=\"5\" data-next-link=\"\">\r\n    <div class=\"ct-grid-overlay\"><\/div>\r\n    \r\n    <div class=\"ct-grid-inner ct-grid-masonry row animate-time\" data-gutter=\"15\">\r\n                        <div class=\"grid-item col-xl-6 col-lg-6 col-md- col-sm-12 col-12 \">\r\n                    <div class=\"grid-item-inner \" data-wow-duration=\"1.2s\">\r\n                        <div class=\"item--featured\">\r\n                            <a href=\"http:\/\/mscreativities.com\/index.php\/portfolio\/endzit\/\"><img decoding=\"async\" width=\"1920\" height=\"1080\" src=\"http:\/\/mscreativities.com\/wp-content\/uploads\/2022\/09\/DROPPER-BUBBLE-EDIT.png\" class=\"no-lazyload attachment-full\" alt=\"\" srcset=\"http:\/\/mscreativities.com\/wp-content\/uploads\/2022\/09\/DROPPER-BUBBLE-EDIT.png 1920w, http:\/\/mscreativities.com\/wp-content\/uploads\/2022\/09\/DROPPER-BUBBLE-EDIT-300x169.png 300w, http:\/\/mscreativities.com\/wp-content\/uploads\/2022\/09\/DROPPER-BUBBLE-EDIT-1024x576.png 1024w, http:\/\/mscreativities.com\/wp-content\/uploads\/2022\/09\/DROPPER-BUBBLE-EDIT-768x432.png 768w, http:\/\/mscreativities.com\/wp-content\/uploads\/2022\/09\/DROPPER-BUBBLE-EDIT-1536x864.png 1536w\" sizes=\"(max-width: 1920px) 100vw, 1920px\" \/><\/a>\r\n                            <div class=\"item--meta\">\r\n\r\n                                                                    <h3 class=\"item--title\"><a href=\"http:\/\/mscreativities.com\/index.php\/portfolio\/endzit\/\">Endzit | MS Creativities<\/a><\/h3>\r\n                                                                 \r\n                            <\/div>\r\n                        <\/div>\r\n                    <\/div>\r\n                <\/div>\r\n                                        <div class=\"grid-sizer col-xl-6 col-lg-6 col-md-6 col-sm-12 col-12\"><\/div>\r\n            <\/div>\r\n        <\/div>\t\t<\/div>\n\t\t\t\t<\/div>\n\t\t            <\/div>\n        <\/div>\n                            <\/div>\n        <\/section>\n        \t\t\t\t\t<\/div>\n\t\t","protected":false},"excerpt":{"rendered":"<p>Endzit | MS Creativities Majestic Glow Infusion | Ms Creativities Endzit | MS Creativities Majestic Glow Infusion | Ms Creativities<\/p>\n","protected":false},"author":1,"featured_media":0,"parent":0,"menu_order":0,"comment_status":"closed","ping_status":"closed","template":"","meta":{"footnotes":""},"class_list":["post-258","page","type-page","status-publish","hentry"],"yoast_head":"<!-- This site is optimized with the Yoast SEO plugin v27.5 - https:\/\/yoast.com\/product\/yoast-seo-wordpress\/ -->\n<title>MS|CREATIVITIES: Conoce nuestros casos de \u00e9xito de branding y dise\u00f1o cosm\u00e9tico<\/title>\n<meta name=\"description\" content=\"Descubre en MS|CREATIVITIES c\u00f3mo hemos reinventado marcas de cosm\u00e9ticos a trav\u00e9s de nuestro dise\u00f1o innovador y estrategias de branding.\" \/>\n<meta name=\"robots\" content=\"index, follow, max-snippet:-1, max-image-preview:large, max-video-preview:-1\" \/>\n<link rel=\"canonical\" href=\"http:\/\/mscreativities.com\/index.php\/casos-de-exito\/\" \/>\n<meta property=\"og:locale\" content=\"es_ES\" \/>\n<meta property=\"og:type\" content=\"article\" \/>\n<meta property=\"og:title\" content=\"MS|CREATIVITIES: Conoce nuestros casos de \u00e9xito de branding y dise\u00f1o cosm\u00e9tico\" \/>\n<meta property=\"og:description\" content=\"Descubre en MS|CREATIVITIES c\u00f3mo hemos reinventado marcas de cosm\u00e9ticos a trav\u00e9s de nuestro dise\u00f1o innovador y estrategias de branding.\" \/>\n<meta property=\"og:url\" content=\"http:\/\/mscreativities.com\/index.php\/casos-de-exito\/\" \/>\n<meta property=\"og:site_name\" content=\"MS CREATIVITIES\" \/>\n<meta property=\"article:modified_time\" content=\"2024-04-29T19:47:14+00:00\" \/>\n<meta property=\"og:image\" content=\"http:\/\/mscreativities.com\/wp-content\/uploads\/2024\/03\/portfolio-scaled-copia.jpg\" \/>\n<meta name=\"twitter:card\" content=\"summary_large_image\" \/>\n<meta name=\"twitter:label1\" content=\"Tiempo de lectura\" \/>\n\t<meta name=\"twitter:data1\" content=\"2 minutos\" \/>\n<script type=\"application\/ld+json\" class=\"yoast-schema-graph\">{\"@context\":\"https:\\\/\\\/schema.org\",\"@graph\":[{\"@type\":\"WebPage\",\"@id\":\"http:\\\/\\\/mscreativities.com\\\/index.php\\\/casos-de-exito\\\/\",\"url\":\"http:\\\/\\\/mscreativities.com\\\/index.php\\\/casos-de-exito\\\/\",\"name\":\"MS|CREATIVITIES: Conoce nuestros casos de \u00e9xito de branding y dise\u00f1o cosm\u00e9tico\",\"isPartOf\":{\"@id\":\"http:\\\/\\\/mscreativities.com\\\/#website\"},\"primaryImageOfPage\":{\"@id\":\"http:\\\/\\\/mscreativities.com\\\/index.php\\\/casos-de-exito\\\/#primaryimage\"},\"image\":{\"@id\":\"http:\\\/\\\/mscreativities.com\\\/index.php\\\/casos-de-exito\\\/#primaryimage\"},\"thumbnailUrl\":\"http:\\\/\\\/mscreativities.com\\\/wp-content\\\/uploads\\\/2024\\\/03\\\/portfolio-scaled-copia.jpg\",\"datePublished\":\"2022-06-22T04:29:40+00:00\",\"dateModified\":\"2024-04-29T19:47:14+00:00\",\"description\":\"Descubre en MS|CREATIVITIES c\u00f3mo hemos reinventado marcas de cosm\u00e9ticos a trav\u00e9s de nuestro dise\u00f1o innovador y estrategias de branding.\",\"breadcrumb\":{\"@id\":\"http:\\\/\\\/mscreativities.com\\\/index.php\\\/casos-de-exito\\\/#breadcrumb\"},\"inLanguage\":\"es\",\"potentialAction\":[{\"@type\":\"ReadAction\",\"target\":[\"http:\\\/\\\/mscreativities.com\\\/index.php\\\/casos-de-exito\\\/\"]}]},{\"@type\":\"ImageObject\",\"inLanguage\":\"es\",\"@id\":\"http:\\\/\\\/mscreativities.com\\\/index.php\\\/casos-de-exito\\\/#primaryimage\",\"url\":\"http:\\\/\\\/mscreativities.com\\\/wp-content\\\/uploads\\\/2024\\\/03\\\/portfolio-scaled-copia.jpg\",\"contentUrl\":\"http:\\\/\\\/mscreativities.com\\\/wp-content\\\/uploads\\\/2024\\\/03\\\/portfolio-scaled-copia.jpg\",\"width\":2560,\"height\":1141},{\"@type\":\"BreadcrumbList\",\"@id\":\"http:\\\/\\\/mscreativities.com\\\/index.php\\\/casos-de-exito\\\/#breadcrumb\",\"itemListElement\":[{\"@type\":\"ListItem\",\"position\":1,\"name\":\"Portada\",\"item\":\"https:\\\/\\\/mscreativities.com\\\/\"},{\"@type\":\"ListItem\",\"position\":2,\"name\":\"MS CREATIVITIES | Casos de \u00e9xito\"}]},{\"@type\":\"WebSite\",\"@id\":\"http:\\\/\\\/mscreativities.com\\\/#website\",\"url\":\"http:\\\/\\\/mscreativities.com\\\/\",\"name\":\"MS CREATIVITIES\",\"description\":\"Cosmetic Thinking &amp; Design\",\"publisher\":{\"@id\":\"http:\\\/\\\/mscreativities.com\\\/#organization\"},\"potentialAction\":[{\"@type\":\"SearchAction\",\"target\":{\"@type\":\"EntryPoint\",\"urlTemplate\":\"http:\\\/\\\/mscreativities.com\\\/?s={search_term_string}\"},\"query-input\":{\"@type\":\"PropertyValueSpecification\",\"valueRequired\":true,\"valueName\":\"search_term_string\"}}],\"inLanguage\":\"es\"},{\"@type\":\"Organization\",\"@id\":\"http:\\\/\\\/mscreativities.com\\\/#organization\",\"name\":\"MS CREATIVITIES\",\"url\":\"http:\\\/\\\/mscreativities.com\\\/\",\"logo\":{\"@type\":\"ImageObject\",\"inLanguage\":\"es\",\"@id\":\"http:\\\/\\\/mscreativities.com\\\/#\\\/schema\\\/logo\\\/image\\\/\",\"url\":\"http:\\\/\\\/mscreativities.com\\\/wp-content\\\/uploads\\\/2023\\\/11\\\/logo-blanco-sin-fondo.png\",\"contentUrl\":\"http:\\\/\\\/mscreativities.com\\\/wp-content\\\/uploads\\\/2023\\\/11\\\/logo-blanco-sin-fondo.png\",\"width\":4906,\"height\":2227,\"caption\":\"MS CREATIVITIES\"},\"image\":{\"@id\":\"http:\\\/\\\/mscreativities.com\\\/#\\\/schema\\\/logo\\\/image\\\/\"}}]}<\/script>\n<!-- \/ Yoast SEO plugin. -->","yoast_head_json":{"title":"MS|CREATIVITIES: Conoce nuestros casos de \u00e9xito de branding y dise\u00f1o cosm\u00e9tico","description":"Descubre en MS|CREATIVITIES c\u00f3mo hemos reinventado marcas de cosm\u00e9ticos a trav\u00e9s de nuestro dise\u00f1o innovador y estrategias de branding.","robots":{"index":"index","follow":"follow","max-snippet":"max-snippet:-1","max-image-preview":"max-image-preview:large","max-video-preview":"max-video-preview:-1"},"canonical":"http:\/\/mscreativities.com\/index.php\/casos-de-exito\/","og_locale":"es_ES","og_type":"article","og_title":"MS|CREATIVITIES: Conoce nuestros casos de \u00e9xito de branding y dise\u00f1o cosm\u00e9tico","og_description":"Descubre en MS|CREATIVITIES c\u00f3mo hemos reinventado marcas de cosm\u00e9ticos a trav\u00e9s de nuestro dise\u00f1o innovador y estrategias de branding.","og_url":"http:\/\/mscreativities.com\/index.php\/casos-de-exito\/","og_site_name":"MS CREATIVITIES","article_modified_time":"2024-04-29T19:47:14+00:00","og_image":[{"url":"http:\/\/mscreativities.com\/wp-content\/uploads\/2024\/03\/portfolio-scaled-copia.jpg","type":"","width":"","height":""}],"twitter_card":"summary_large_image","twitter_misc":{"Tiempo de lectura":"2 minutos"},"schema":{"@context":"https:\/\/schema.org","@graph":[{"@type":"WebPage","@id":"http:\/\/mscreativities.com\/index.php\/casos-de-exito\/","url":"http:\/\/mscreativities.com\/index.php\/casos-de-exito\/","name":"MS|CREATIVITIES: Conoce nuestros casos de \u00e9xito de branding y dise\u00f1o cosm\u00e9tico","isPartOf":{"@id":"http:\/\/mscreativities.com\/#website"},"primaryImageOfPage":{"@id":"http:\/\/mscreativities.com\/index.php\/casos-de-exito\/#primaryimage"},"image":{"@id":"http:\/\/mscreativities.com\/index.php\/casos-de-exito\/#primaryimage"},"thumbnailUrl":"http:\/\/mscreativities.com\/wp-content\/uploads\/2024\/03\/portfolio-scaled-copia.jpg","datePublished":"2022-06-22T04:29:40+00:00","dateModified":"2024-04-29T19:47:14+00:00","description":"Descubre en MS|CREATIVITIES c\u00f3mo hemos reinventado marcas de cosm\u00e9ticos a trav\u00e9s de nuestro dise\u00f1o innovador y estrategias de branding.","breadcrumb":{"@id":"http:\/\/mscreativities.com\/index.php\/casos-de-exito\/#breadcrumb"},"inLanguage":"es","potentialAction":[{"@type":"ReadAction","target":["http:\/\/mscreativities.com\/index.php\/casos-de-exito\/"]}]},{"@type":"ImageObject","inLanguage":"es","@id":"http:\/\/mscreativities.com\/index.php\/casos-de-exito\/#primaryimage","url":"http:\/\/mscreativities.com\/wp-content\/uploads\/2024\/03\/portfolio-scaled-copia.jpg","contentUrl":"http:\/\/mscreativities.com\/wp-content\/uploads\/2024\/03\/portfolio-scaled-copia.jpg","width":2560,"height":1141},{"@type":"BreadcrumbList","@id":"http:\/\/mscreativities.com\/index.php\/casos-de-exito\/#breadcrumb","itemListElement":[{"@type":"ListItem","position":1,"name":"Portada","item":"https:\/\/mscreativities.com\/"},{"@type":"ListItem","position":2,"name":"MS CREATIVITIES | Casos de \u00e9xito"}]},{"@type":"WebSite","@id":"http:\/\/mscreativities.com\/#website","url":"http:\/\/mscreativities.com\/","name":"MS CREATIVITIES","description":"Cosmetic Thinking &amp; Design","publisher":{"@id":"http:\/\/mscreativities.com\/#organization"},"potentialAction":[{"@type":"SearchAction","target":{"@type":"EntryPoint","urlTemplate":"http:\/\/mscreativities.com\/?s={search_term_string}"},"query-input":{"@type":"PropertyValueSpecification","valueRequired":true,"valueName":"search_term_string"}}],"inLanguage":"es"},{"@type":"Organization","@id":"http:\/\/mscreativities.com\/#organization","name":"MS CREATIVITIES","url":"http:\/\/mscreativities.com\/","logo":{"@type":"ImageObject","inLanguage":"es","@id":"http:\/\/mscreativities.com\/#\/schema\/logo\/image\/","url":"http:\/\/mscreativities.com\/wp-content\/uploads\/2023\/11\/logo-blanco-sin-fondo.png","contentUrl":"http:\/\/mscreativities.com\/wp-content\/uploads\/2023\/11\/logo-blanco-sin-fondo.png","width":4906,"height":2227,"caption":"MS CREATIVITIES"},"image":{"@id":"http:\/\/mscreativities.com\/#\/schema\/logo\/image\/"}}]}},"_links":{"self":[{"href":"http:\/\/mscreativities.com\/index.php\/wp-json\/wp\/v2\/pages\/258","targetHints":{"allow":["GET"]}}],"collection":[{"href":"http:\/\/mscreativities.com\/index.php\/wp-json\/wp\/v2\/pages"}],"about":[{"href":"http:\/\/mscreativities.com\/index.php\/wp-json\/wp\/v2\/types\/page"}],"author":[{"embeddable":true,"href":"http:\/\/mscreativities.com\/index.php\/wp-json\/wp\/v2\/users\/1"}],"replies":[{"embeddable":true,"href":"http:\/\/mscreativities.com\/index.php\/wp-json\/wp\/v2\/comments?post=258"}],"version-history":[{"count":26,"href":"http:\/\/mscreativities.com\/index.php\/wp-json\/wp\/v2\/pages\/258\/revisions"}],"predecessor-version":[{"id":8011,"href":"http:\/\/mscreativities.com\/index.php\/wp-json\/wp\/v2\/pages\/258\/revisions\/8011"}],"wp:attachment":[{"href":"http:\/\/mscreativities.com\/index.php\/wp-json\/wp\/v2\/media?parent=258"}],"curies":[{"name":"wp","href":"https:\/\/api.w.org\/{rel}","templated":true}]}}